{"id":167,"date":"2022-01-02T11:03:06","date_gmt":"2022-01-02T10:03:06","guid":{"rendered":"https:\/\/webapp.dvdv.hu\/fejlesztes\/?page_id=167"},"modified":"2022-01-02T11:03:07","modified_gmt":"2022-01-02T10:03:07","slug":"szolgaltatasok-honlap-seo-webapp-mobil-applikaciok","status":"publish","type":"page","link":"https:\/\/webapp.dvdv.hu\/fejlesztes\/szolgaltatasok-honlap-seo-webapp-mobil-applikaciok\/","title":{"rendered":"Szolg\u00e1ltat\u00e1sok Honlap SEO WebApp Mobil Applik\u00e1ci\u00f3k"},"content":{"rendered":"\n<div class=\"wp-block-columns szolgaltatasok is-layout-flex wp-container-core-columns-is-layout-9d6595d7 wp-block-columns-is-layout-flex\">\n<div class=\"wp-block-column is-layout-flow wp-block-column-is-layout-flow\">\n<h2 class=\"wp-block-heading\">WordPress Honlap k\u00e9sz\u00edt\u00e9s<\/h2>\n\n\n\n<ul class=\"wp-block-list\"><li>T\u00e1rhely \u00e9s Domain kezel\u00e9s<\/li><li>WordPress install\u00e1l\u00e1s<\/li><li>Sablon vagy egyedi t\u00e9ma telep\u00edt\u00e9s<\/li><li>Mobiloptimaliz\u00e1l\u00e1s \/ Reszponz\u00edv diz\u00e1jn<\/li><li>K\u00fcls\u0151 vagy egyedi b\u0151v\u00edtm\u00e9nyek be\u00e9p\u00edt\u00e9se<\/li><li>Technikai seg\u00edts\u00e9gny\u00fajt\u00e1s<\/li><\/ul>\n<\/div>\n\n\n\n<div class=\"wp-block-column is-layout-flow wp-block-column-is-layout-flow\">\n<h2 class=\"wp-block-heading\">SEO Keres\u0151 Motor Optimaliz\u00e1l\u00e1s<\/h2>\n\n\n\n<ul class=\"wp-block-list\"><li>&#8220;Web Vital Scores&#8221; optimaliz\u00e1l\u00e1s<\/li><li>SEO oldal be\u00e1ll\u00edt\u00e1sok<\/li><li>Kulcssz\u00f3 keres\u00e9s<\/li><li>K\u00f6z\u00f6ss\u00e9gi oldal megoszt\u00e1s optimaliz\u00e1l\u00e1s<\/li><li>Link \u00e9p\u00edt\u00e9s<\/li><\/ul>\n<\/div>\n<\/div>\n\n\n\n<div class=\"wp-block-columns szolgaltatasok is-layout-flex wp-container-core-columns-is-layout-9d6595d7 wp-block-columns-is-layout-flex\">\n<div class=\"wp-block-column is-layout-flow wp-block-column-is-layout-flow\">\n<h2 class=\"wp-block-heading\">3D-s Weboldal k\u00e9sz\u00edt\u00e9s<\/h2>\n\n\n\n<ul class=\"wp-block-list\"><li>Egyedi<span style=\"font-size: 1rem;\"> diz\u00e1jn k\u00e9sz\u00edt\u00e9s<\/span><\/li><li>3D-s modell k\u00e9sz\u00edt\u00e9s<\/li><li>Text\u00far\u00e1k elk\u00e9sz\u00edt\u00e9se<\/li><li>Vil\u00e1g\u00edt\u00e1s, Renderel\u00e9s, Anim\u00e1ci\u00f3k \u00e9s kamera mozg\u00e1s<\/li><li>Interakci\u00f3k ki\u00e9p\u00edt\u00e9se<\/li><\/ul>\n<\/div>\n\n\n\n<div class=\"wp-block-column is-layout-flow wp-block-column-is-layout-flow\">\n<h2 class=\"wp-block-heading\">Mobil Applik\u00e1ci\u00f3k<\/h2>\n\n\n\n<ul class=\"wp-block-list\"><li>Crossplatform applik\u00e1ci\u00f3k (IOS, Android, Web)<\/li><li>Funkci\u00f3k ki\u00e9p\u00edt\u00e9se<\/li><li>UI \/ UX diz\u00e1jn<\/li><li>API illetve adatb\u00e1zissal \u00f6sszek\u00f6t\u00e9s<\/li><li>Applik\u00e1ci\u00f3 publik\u00e1l\u00e1sa<\/li><\/ul>\n<\/div>\n<\/div>\n","protected":false},"excerpt":{"rendered":"<p>WordPress Honlap k\u00e9sz\u00edt\u00e9s T\u00e1rhely \u00e9s Domain kezel\u00e9s WordPress install\u00e1l\u00e1s Sablon vagy egyedi t\u00e9ma telep\u00edt\u00e9s Mobiloptimaliz\u00e1l\u00e1s \/ Reszponz\u00edv diz\u00e1jn K\u00fcls\u0151 vagy egyedi b\u0151v\u00edtm\u00e9nyek be\u00e9p\u00edt\u00e9se Technikai seg\u00edts\u00e9gny\u00fajt\u00e1s SEO Keres\u0151 Motor Optimaliz\u00e1l\u00e1s &#8220;Web Vital Scores&#8221; optimaliz\u00e1l\u00e1s SEO oldal be\u00e1ll\u00edt\u00e1sok Kulcssz\u00f3 keres\u00e9s K\u00f6z\u00f6ss\u00e9gi oldal megoszt\u00e1s optimaliz\u00e1l\u00e1s Link \u00e9p\u00edt\u00e9s 3D-s Weboldal k\u00e9sz\u00edt\u00e9s Egyedi diz\u00e1jn k\u00e9sz\u00edt\u00e9s 3D-s modell k\u00e9sz\u00edt\u00e9s Text\u00far\u00e1k elk\u00e9sz\u00edt\u00e9se [&#8230;]<\/p>\n<p><a class=\"btn btn-secondary understrap-read-more-link\" href=\"https:\/\/webapp.dvdv.hu\/fejlesztes\/szolgaltatasok-honlap-seo-webapp-mobil-applikaciok\/\">Read More&#8230;<span class=\"screen-reader-text\"> from Szolg\u00e1ltat\u00e1sok Honlap SEO WebApp Mobil Applik\u00e1ci\u00f3k<\/span><\/a><\/p>\n","protected":false},"author":1,"featured_media":0,"parent":0,"menu_order":0,"comment_status":"closed","ping_status":"closed","template":"","meta":{"footnotes":""},"class_list":["post-167","page","type-page","status-publish","hentry"],"acf":[],"_links":{"self":[{"href":"https:\/\/webapp.dvdv.hu\/fejlesztes\/wp-json\/wp\/v2\/pages\/167","targetHints":{"allow":["GET"]}}],"collection":[{"href":"https:\/\/webapp.dvdv.hu\/fejlesztes\/wp-json\/wp\/v2\/pages"}],"about":[{"href":"https:\/\/webapp.dvdv.hu\/fejlesztes\/wp-json\/wp\/v2\/types\/page"}],"author":[{"embeddable":true,"href":"https:\/\/webapp.dvdv.hu\/fejlesztes\/wp-json\/wp\/v2\/users\/1"}],"replies":[{"embeddable":true,"href":"https:\/\/webapp.dvdv.hu\/fejlesztes\/wp-json\/wp\/v2\/comments?post=167"}],"version-history":[{"count":2,"href":"https:\/\/webapp.dvdv.hu\/fejlesztes\/wp-json\/wp\/v2\/pages\/167\/revisions"}],"predecessor-version":[{"id":169,"href":"https:\/\/webapp.dvdv.hu\/fejlesztes\/wp-json\/wp\/v2\/pages\/167\/revisions\/169"}],"wp:attachment":[{"href":"https:\/\/webapp.dvdv.hu\/fejlesztes\/wp-json\/wp\/v2\/media?parent=167"}],"curies":[{"name":"wp","href":"https:\/\/api.w.org\/{rel}","templated":true}]}}