{"id":6,"date":"2021-11-26T14:32:01","date_gmt":"2021-11-26T14:32:01","guid":{"rendered":"http:\/\/webapp.dvdv.hu\/fejlesztes\/?page_id=6"},"modified":"2023-11-26T09:31:49","modified_gmt":"2023-11-26T08:31:49","slug":"dvdv-webapp-fejlesztes","status":"publish","type":"page","link":"https:\/\/webapp.dvdv.hu\/fejlesztes\/","title":{"rendered":"DvDv WEBAPP FEJLESZT\u00c9S"},"content":{"rendered":"\n<section id=\"slide-1\" class=\"wp-block-group slide\"><div class=\"wp-block-group__inner-container is-layout-flow wp-block-group-is-layout-flow\">\n<div class=\"wp-block-columns is-layout-flex wp-container-core-columns-is-layout-9d6595d7 wp-block-columns-is-layout-flex\">\n<div class=\"wp-block-column is-layout-flow wp-block-column-is-layout-flow\">\n<section id=\"heading-1\" class=\"wp-block-group\"><div class=\"wp-block-group__inner-container is-layout-flow wp-block-group-is-layout-flow\">\n<h2 class=\"wp-block-heading\" id=\"head-1\">WebApp a vil\u00e1gh\u00e1l\u00f3 sv\u00e1jci bicsk\u00e1ja&#8230;<\/h2>\n<\/div><\/section>\n\n\n\n<section id=\"heading-2\" class=\"wp-block-group\"><div class=\"wp-block-group__inner-container is-layout-flow wp-block-group-is-layout-flow\">\n<h2 class=\"wp-block-heading\" id=\"head-2\">WebApp a vil\u00e1gh\u00e1l\u00f3 sv\u00e1jci bicsk\u00e1ja&#8230;<\/h2>\n<\/div><\/section>\n<\/div>\n\n\n\n<div class=\"wp-block-column is-layout-flow wp-block-column-is-layout-flow\">\n<figure class=\"wp-block-image size-full is-style-default\" id=\"target\"><img loading=\"lazy\" decoding=\"async\" width=\"775\" height=\"870\" src=\"https:\/\/webapp.dvdv.hu\/fejlesztes\/wp-content\/uploads\/2021\/12\/2021-06-04-12_00_16-Window.png\" alt=\"\" class=\"wp-image-69\" srcset=\"https:\/\/webapp.dvdv.hu\/fejlesztes\/wp-content\/uploads\/2021\/12\/2021-06-04-12_00_16-Window.png 775w, https:\/\/webapp.dvdv.hu\/fejlesztes\/wp-content\/uploads\/2021\/12\/2021-06-04-12_00_16-Window-267x300.png 267w, https:\/\/webapp.dvdv.hu\/fejlesztes\/wp-content\/uploads\/2021\/12\/2021-06-04-12_00_16-Window-768x862.png 768w\" sizes=\"auto, (max-width: 775px) 100vw, 775px\" \/><figcaption>DvDv szabadusz\u00f3 WebApp fejleszt\u0151<\/figcaption><\/figure>\n<\/div>\n<\/div>\n<\/div><\/section>\n\n\n\n<section id=\"slide-2\" class=\"wp-block-group slide\"><div class=\"wp-block-group__inner-container is-layout-flow wp-block-group-is-layout-flow\">\n<div class=\"wp-block-columns is-layout-flex wp-container-core-columns-is-layout-9d6595d7 wp-block-columns-is-layout-flex\">\n<div class=\"wp-block-column is-layout-flow wp-block-column-is-layout-flow\">\n<h2 class=\"wp-block-heading\">WordPress?!<\/h2>\n\n\n\n<h2 class=\"wp-block-heading\">Webapplik\u00e1ci\u00f3?!<\/h2>\n\n\n\n<p>A Webfejleszt\u00e9s rohamos temp\u00f3ban v\u00e1ltozik napr\u00f3l napra. M\u00e1ra egy olyan ipar\u00e1gg\u00e1 n\u0151te mag\u00e1t, ahol m\u00e1r m\u00e1r a fejleszt\u0151k sem tudnak mindig eligazodni a rengeteg k\u00fcl\u00f6nb\u00f6z\u0151 keretrendszerek \u00e9s k\u00f6nyvt\u00e1rak k\u00f6z\u00f6tt. Egy kifejezeten komoly feladatt\u00e1 v\u00e1lt, hogy a szakemberek naprak\u00e9szek legyenek az \u00fajabbn\u00e1l is \u00fajabb technol\u00f3gi\u00e1kkal kapcsolatban. Ennek k\u00f6sz\u00f6nhet\u0151en szakszer\u0171 tan\u00e1csot \u00e9s eligaz\u00edt\u00e1st tudnak adni a sokszor laikus \u00fcgyf\u00e9lsz\u00e1m\u00e1ra, aki nem mindig tudja pontosan, hogy a meg\u00e1lmodott term\u00e9k\u00e9hez pont melyik keretrendszer lenne a legmegfelel\u0151bb&#8230;legal\u00e1bbis elm\u00e9leti s\u00edkon.<\/p>\n<\/div>\n\n\n\n<div class=\"wp-block-column is-layout-flow wp-block-column-is-layout-flow\">\n<h2 class=\"wp-block-heading\">Webapplik\u00e1ci\u00f3k bonyolult vil\u00e1ga<\/h2>\n\n\n\n<p>A val\u00f3s\u00e1gban ennek az igen komoly \u00e9s neh\u00e9z d\u00f6nt\u00e9snek a meghozatalakor egyetlen t\u00e9nyez\u0151t vesznek a kivitelez\u0151k figyelembe, ami nem m\u00e1s mint a k\u00f6lts\u00e9ghat\u00e9konys\u00e1g. Viszont sajnos nem az \u00fcgyf\u00e9l sz\u00e1m\u00e1ra a legk\u00f6lts\u00e9ghat\u00e9konyabb megold\u00e1s hanem a kivitelez\u0151 c\u00e9g sz\u00e1m\u00e1ra.<\/p>\n\n\n\n<p>V\u00e9geredm\u00e9nyben a szoftver fejleszt\u00e9s vil\u00e1g\u00e1ban nincsennek lehetetlenek. B\u00e1rmit l\u00e9tre lehet hozni b\u00e1rmivel csak a k\u00e9rd\u00e9s megmarad, hogy hossz\u00fat\u00e1von melyik az a m\u00f3dszer, amivel a term\u00e9k a legjobb k\u00f6r\u00fclm\u00e9nyek k\u00f6z\u00f6tt tud oper\u00e1lni.<\/p>\n<\/div>\n<\/div>\n<\/div><\/section>\n\n\n\n<section id=\"slide-2\" class=\"wp-block-group slide\"><div class=\"wp-block-group__inner-container is-layout-flow wp-block-group-is-layout-flow\">\n<div class=\"wp-block-columns is-layout-flex wp-container-core-columns-is-layout-9d6595d7 wp-block-columns-is-layout-flex\">\n<div class=\"wp-block-column is-layout-flow wp-block-column-is-layout-flow\">\n<figure class=\"wp-block-image size-medium\"><img loading=\"lazy\" decoding=\"async\" width=\"300\" height=\"300\" src=\"https:\/\/webapp.dvdv.hu\/fejlesztes\/wp-content\/uploads\/2021\/12\/600x600_pix_mybrand4-300x300.png\" alt=\"\" class=\"wp-image-71\" srcset=\"https:\/\/webapp.dvdv.hu\/fejlesztes\/wp-content\/uploads\/2021\/12\/600x600_pix_mybrand4-300x300.png 300w, https:\/\/webapp.dvdv.hu\/fejlesztes\/wp-content\/uploads\/2021\/12\/600x600_pix_mybrand4-150x150.png 150w, https:\/\/webapp.dvdv.hu\/fejlesztes\/wp-content\/uploads\/2021\/12\/600x600_pix_mybrand4-768x768.png 768w, https:\/\/webapp.dvdv.hu\/fejlesztes\/wp-content\/uploads\/2021\/12\/600x600_pix_mybrand4.png 800w\" sizes=\"auto, (max-width: 300px) 100vw, 300px\" \/><\/figure>\n<\/div>\n\n\n\n<div class=\"wp-block-column is-layout-flow wp-block-column-is-layout-flow\">\n<h2 class=\"wp-block-heading\">Honlap fejleszt\u00e9s m\u00e1shogy<\/h2>\n\n\n\n<p>Nem szeretn\u00e9k \u00e1lszent lenni \u00e9s azt mondani, hogy \u00e9n minden alkalommal az \u00fcgyf\u00e9l sz\u00e1m\u00e1ra a legjobb d\u00f6nt\u00e9seket hozom ha honlap, webapplik\u00e1ci\u00f3 vagy applik\u00e1ci\u00f3 fejleszt\u00e9sr\u0151l van sz\u00f3. De szabad\u00fasz\u00f3k\u00e9nt r\u00e1 vagyok k\u00e9nyszer\u00edtve egy m\u00e1s fajta \u00fczletpolitik\u00e1t k\u00f6vessek. Nem tudok elb\u00fajni egy nagy m\u00e9ret\u0171 megb\u00edzhat\u00f3 c\u00e9g k\u00fclseje m\u00f6g\u00e9. Ez\u00e9rt k\u00e9nytelen vagyok \u0151szinte kommunik\u00e1ci\u00f3t \u00e9s a lehet\u0151 legk\u00f6r\u00fcltekint\u0151bb szolg\u00e1ltat\u00e1st ny\u00fajtani. Ami hossz\u00fat\u00e1von a megb\u00edz\u00f3imnak \u00e9s sz\u00e1momra \u00e9s nyeres\u00e9ges tud lenni.<\/p>\n<\/div>\n<\/div>\n<\/div><\/section>\n\n\n\n<div class=\"wp-block-columns is-layout-flex wp-container-core-columns-is-layout-9d6595d7 wp-block-columns-is-layout-flex\">\n<div class=\"wp-block-column is-layout-flow wp-block-column-is-layout-flow\">\n<h2 class=\"has-text-align-center wp-block-heading\"><a href=\"https:\/\/webapp.dvdv.hu\/fejlesztes\/dvdv-kapcsolat-email-mobil-ajanlat\/\" data-type=\"page\" data-id=\"39\">VEGY\u00dcK FEL A KAPCSOLATOT<\/a><\/h2>\n<\/div>\n<\/div>\n","protected":false},"excerpt":{"rendered":"<p>WebApp a vil\u00e1gh\u00e1l\u00f3 sv\u00e1jci bicsk\u00e1ja&#8230; WebApp a vil\u00e1gh\u00e1l\u00f3 sv\u00e1jci bicsk\u00e1ja&#8230; WordPress?! Webapplik\u00e1ci\u00f3?! A Webfejleszt\u00e9s rohamos temp\u00f3ban v\u00e1ltozik napr\u00f3l napra. M\u00e1ra egy olyan ipar\u00e1gg\u00e1 n\u0151te mag\u00e1t, ahol m\u00e1r m\u00e1r a fejleszt\u0151k sem tudnak mindig eligazodni a rengeteg k\u00fcl\u00f6nb\u00f6z\u0151 keretrendszerek \u00e9s k\u00f6nyvt\u00e1rak k\u00f6z\u00f6tt. Egy kifejezeten komoly feladatt\u00e1 v\u00e1lt, hogy a szakemberek naprak\u00e9szek legyenek az \u00fajabbn\u00e1l is \u00fajabb [&#8230;]<\/p>\n<p><a class=\"btn btn-secondary understrap-read-more-link\" href=\"https:\/\/webapp.dvdv.hu\/fejlesztes\/\">Read More&#8230;<span class=\"screen-reader-text\"> from DvDv WEBAPP FEJLESZT\u00c9S<\/span><\/a><\/p>\n","protected":false},"author":1,"featured_media":69,"parent":0,"menu_order":0,"comment_status":"closed","ping_status":"closed","template":"","meta":{"footnotes":""},"class_list":["post-6","page","type-page","status-publish","has-post-thumbnail","hentry"],"acf":[],"_links":{"self":[{"href":"https:\/\/webapp.dvdv.hu\/fejlesztes\/wp-json\/wp\/v2\/pages\/6","targetHints":{"allow":["GET"]}}],"collection":[{"href":"https:\/\/webapp.dvdv.hu\/fejlesztes\/wp-json\/wp\/v2\/pages"}],"about":[{"href":"https:\/\/webapp.dvdv.hu\/fejlesztes\/wp-json\/wp\/v2\/types\/page"}],"author":[{"embeddable":true,"href":"https:\/\/webapp.dvdv.hu\/fejlesztes\/wp-json\/wp\/v2\/users\/1"}],"replies":[{"embeddable":true,"href":"https:\/\/webapp.dvdv.hu\/fejlesztes\/wp-json\/wp\/v2\/comments?post=6"}],"version-history":[{"count":30,"href":"https:\/\/webapp.dvdv.hu\/fejlesztes\/wp-json\/wp\/v2\/pages\/6\/revisions"}],"predecessor-version":[{"id":238,"href":"https:\/\/webapp.dvdv.hu\/fejlesztes\/wp-json\/wp\/v2\/pages\/6\/revisions\/238"}],"wp:featuredmedia":[{"embeddable":true,"href":"https:\/\/webapp.dvdv.hu\/fejlesztes\/wp-json\/wp\/v2\/media\/69"}],"wp:attachment":[{"href":"https:\/\/webapp.dvdv.hu\/fejlesztes\/wp-json\/wp\/v2\/media?parent=6"}],"curies":[{"name":"wp","href":"https:\/\/api.w.org\/{rel}","templated":true}]}}